{"id":86,"date":"2026-03-26T21:42:26","date_gmt":"2026-03-26T21:42:26","guid":{"rendered":"https:\/\/dobigeneral.hu\/?page_id=86"},"modified":"2026-04-13T21:39:38","modified_gmt":"2026-04-13T21:39:38","slug":"rolunk","status":"publish","type":"page","link":"https:\/\/dobigeneral.hu\/?page_id=86","title":{"rendered":"R\u00f3lunk"},"content":{"rendered":"\t\t<div data-elementor-type=\"wp-page\" data-elementor-id=\"86\" class=\"elementor elementor-86\">\n\t\t\t\t<div class=\"elementor-element elementor-element-83a36f8 e-flex e-con-boxed e-con e-parent\" data-id=\"83a36f8\" data-element_type=\"container\" data-e-type=\"container\">\n\t\t\t\t\t<div class=\"e-con-inner\">\n\t\t<div class=\"elementor-element elementor-element-191ad9d e-con-full e-flex e-con e-child\" data-id=\"191ad9d\" data-element_type=\"container\" data-e-type=\"container\">\n\t\t\t\t<div class=\"elementor-element elementor-element-b0e1477 elementor-widget elementor-widget-image\" data-id=\"b0e1477\" data-element_type=\"widget\" data-e-type=\"widget\" data-widget_type=\"image.default\">\n\t\t\t\t\t\t\t\t\t\t\t\t<figure class=\"wp-caption\">\n\t\t\t\t\t\t\t\t\t\t<img decoding=\"async\" src=\"https:\/\/dobigeneral.hu\/wp-content\/uploads\/elementor\/thumbs\/Gipszkartonozas-15-rl3bf4mqhp1dba60nockhzza0nftg0y47ch4o8rupw.jpg\" title=\"Gipszkartonoz\u00e1s (15)\" alt=\"Dobi Rajmond e.v.\" loading=\"lazy\" \/>\t\t\t\t\t\t\t\t\t\t\t<figcaption class=\"widget-image-caption wp-caption-text\">Dobi Rajmond e.v.<\/figcaption>\n\t\t\t\t\t\t\t\t\t\t<\/figure>\n\t\t\t\t\t\t\t\t\t<\/div>\n\t\t\t\t<\/div>\n\t\t<div class=\"elementor-element elementor-element-1be1bf0 e-con-full e-flex e-con e-child\" data-id=\"1be1bf0\" data-element_type=\"container\" data-e-type=\"container\">\n\t\t\t\t<div class=\"elementor-element elementor-element-00dff48 elementor-widget elementor-widget-image\" data-id=\"00dff48\" data-element_type=\"widget\" data-e-type=\"widget\" data-widget_type=\"image.default\">\n\t\t\t\t\t\t\t\t\t\t\t\t<figure class=\"wp-caption\">\n\t\t\t\t\t\t\t\t\t\t<img decoding=\"async\" src=\"https:\/\/dobigeneral.hu\/wp-content\/uploads\/elementor\/thumbs\/Krisztofer-rl3bndnqhcbz826kh8qodx0xqert0dpao6mkbojg3o.jpg\" title=\"Krisztofer\" alt=\"Baranyi Krisztofer e.v.\" loading=\"lazy\" \/>\t\t\t\t\t\t\t\t\t\t\t<figcaption class=\"widget-image-caption wp-caption-text\">Baranyi Krisztofer e.v.<\/figcaption>\n\t\t\t\t\t\t\t\t\t\t<\/figure>\n\t\t\t\t\t\t\t\t\t<\/div>\n\t\t\t\t<\/div>\n\t\t\t\t\t<\/div>\n\t\t\t\t<\/div>\n\t\t<div class=\"elementor-element elementor-element-7bf4e0d e-flex e-con-boxed e-con e-parent\" data-id=\"7bf4e0d\" data-element_type=\"container\" data-e-type=\"container\">\n\t\t\t\t\t<div class=\"e-con-inner\">\n\t\t\t\t<div class=\"elementor-element elementor-element-d8f5c51 elementor-widget elementor-widget-text-editor\" data-id=\"d8f5c51\" data-element_type=\"widget\" data-e-type=\"widget\" data-widget_type=\"text-editor.default\">\n\t\t\t\t\t\t\t\t\t<h5 style=\"text-align: center;\"><span style=\"color: #000000;\"><strong>Dobi Rajmond \u00e9s Baranyi Krisztofer <\/strong><\/span><strong style=\"color: #000000;\">egy\u00e9ni v\u00e1llalkoz\u00f3k<\/strong><strong style=\"color: #000000; font-family: inherit;\">. Mi nem egy nagy \u00f3ri\u00e1sc\u00e9g vagyunk, ahol tucatnyi ember adja k\u00e9zr\u0151l k\u00e9zre a feladatokat. K\u00e9t f\u0151s, \u00f6sszeszokott csapatunkkal az\u00e9rt dolgozunk, hogy az \u00e9p\u00edtkez\u00e9s vagy a fel\u00faj\u00edt\u00e1s minden pillanata \u00e1tl\u00e1that\u00f3, fesz\u00fclts\u00e9gmentes \u00e9s szakmailag kifog\u00e1stalan legyen. Mindketten, t\u00f6bb mint 5 \u00e9ve az \u00e9p\u00edt\u0151iparban dolgozunk, ez\u00e9rt sz\u00e9les k\u00f6r\u0171 tapasztalattal rendelkez\u00fcnk. Rugalmasan alkalmazkodunk az ig\u00e9nyekhez, \u00e9s nagy figyelmet ford\u00edtunk a r\u00e9szletekre. Gener\u00e1lkivitelez\u0151k\u00e9nt c\u00e9lunk a magas m\u0171szaki sz\u00ednvonal biztos\u00edt\u00e1sa. F\u0151k\u00e9nt Budapesten \u00e9s Pest v\u00e1rmegy\u00e9ben v\u00e1llalunk munk\u00e1kat.<\/strong><\/h5><p style=\"text-align: center;\"><br class=\"html-br\" \/><span style=\"color: #000000;\"><strong>\u00c9n: fest\u00e9s, gipszkartonoz\u00e1s, burkol\u00e1s<\/strong><\/span><br class=\"html-br\" \/><br class=\"html-br\" \/><span style=\"color: #000000;\"><strong>Koll\u00e9g\u00e1m: burkol\u00e1s, parkett\u00e1z\u00e1s, kisebb \u00e1cs munk\u00e1k, h\u0151szigetel\u00e9s<\/strong><\/span><br class=\"html-br\" \/><br class=\"html-br\" \/><span style=\"color: #000000;\"><strong>Mit v\u00e1llalunk?<\/strong><\/span><br class=\"html-br\" \/><span style=\"color: #0000ff;\"><strong style=\"font-size: 16px;\"><span class=\"html-span xexx8yu xyri2b x18d9i69 x1c1uobl x1hl2dhg x16tdsg8 x1vvkbs x3nfvp2 x1j61x8r x1fcty0u xdj266r xat24cr xm2jcoa x1mpyi22 xxymvpz xlup9mm x1kky2od\"><span style=\"background-color: rgba(0, 0, 0, 0);\">Fest\u00e9s\u00a0<\/span><\/span><\/strong><\/span><\/p><p style=\"text-align: center;\"><span style=\"color: #0000ff;\"><strong style=\"font-size: 16px;\"><span class=\"html-span xexx8yu xyri2b x18d9i69 x1c1uobl x1hl2dhg x16tdsg8 x1vvkbs x3nfvp2 x1j61x8r x1fcty0u xdj266r xat24cr xm2jcoa x1mpyi22 xxymvpz xlup9mm x1kky2od\"><span style=\"background-color: rgba(0, 0, 0, 0);\">Jav\u00edt\u00e1s<\/span><\/span> <\/strong><\/span><\/p><p style=\"text-align: center;\"><span style=\"color: #0000ff;\"><strong>Gipszkartonoz\u00e1s<\/strong><\/span><\/p><p style=\"text-align: center;\"><span style=\"color: #0000ff;\"><strong>\u00a0Burkol\u00e1s<\/strong><\/span><\/p><p style=\"text-align: center;\"><span style=\"color: #0000ff;\"><strong>parkett\u00e1z\u00e1s<\/strong><\/span><\/p><p style=\"text-align: center;\"><span style=\"color: #0000ff;\"><strong><span class=\"html-span xexx8yu xyri2b x18d9i69 x1c1uobl x1hl2dhg x16tdsg8 x1vvkbs x3nfvp2 x1j61x8r x1fcty0u xdj266r xat24cr xm2jcoa x1mpyi22 xxymvpz xlup9mm x1kky2od\">Kisebb \u00e1cs munk\u00e1k<\/span>\u00a0<\/strong><\/span><\/p><p style=\"text-align: center;\"><span style=\"color: #0000ff;\"><strong>H\u0151szigetel\u00e9s<\/strong><\/span><br class=\"html-br\" \/><br class=\"html-br\" \/><span style=\"color: #000000;\"><strong>Prec\u00edz, megb\u00edzhat\u00f3 kivitelez\u00e9s, korrekt \u00e1rak!<\/strong><\/span><\/p>\t\t\t\t\t\t\t\t<\/div>\n\t\t\t\t\t<\/div>\n\t\t\t\t<\/div>\n\t\t\t\t<\/div>\n\t\t","protected":false},"excerpt":{"rendered":"<p>Dobi Rajmond e.v. Baranyi Krisztofer e.v. Dobi Rajmond \u00e9s Baranyi Krisztofer egy\u00e9ni v\u00e1llalkoz\u00f3k. Mi nem egy nagy \u00f3ri\u00e1sc\u00e9g vagyunk, ahol tucatnyi ember adja k\u00e9zr\u0151l k\u00e9zre a feladatokat. K\u00e9t f\u0151s, \u00f6sszeszokott csapatunkkal az\u00e9rt dolgozunk, hogy az \u00e9p\u00edtkez\u00e9s vagy a fel\u00faj\u00edt\u00e1s minden pillanata \u00e1tl\u00e1that\u00f3, fesz\u00fclts\u00e9gmentes \u00e9s szakmailag kifog\u00e1stalan legyen. Mindketten, t\u00f6bb mint 5 \u00e9ve az \u00e9p\u00edt\u0151iparban dolgozunk, [&hellip;]<\/p>\n","protected":false},"author":1,"featured_media":0,"parent":0,"menu_order":0,"comment_status":"closed","ping_status":"closed","template":"","meta":{"_kadence_starter_templates_imported_post":false,"footnotes":""},"class_list":["post-86","page","type-page","status-publish","hentry"],"_links":{"self":[{"href":"https:\/\/dobigeneral.hu\/index.php?rest_route=\/wp\/v2\/pages\/86","targetHints":{"allow":["GET"]}}],"collection":[{"href":"https:\/\/dobigeneral.hu\/index.php?rest_route=\/wp\/v2\/pages"}],"about":[{"href":"https:\/\/dobigeneral.hu\/index.php?rest_route=\/wp\/v2\/types\/page"}],"author":[{"embeddable":true,"href":"https:\/\/dobigeneral.hu\/index.php?rest_route=\/wp\/v2\/users\/1"}],"replies":[{"embeddable":true,"href":"https:\/\/dobigeneral.hu\/index.php?rest_route=%2Fwp%2Fv2%2Fcomments&post=86"}],"version-history":[{"count":39,"href":"https:\/\/dobigeneral.hu\/index.php?rest_route=\/wp\/v2\/pages\/86\/revisions"}],"predecessor-version":[{"id":553,"href":"https:\/\/dobigeneral.hu\/index.php?rest_route=\/wp\/v2\/pages\/86\/revisions\/553"}],"wp:attachment":[{"href":"https:\/\/dobigeneral.hu\/index.php?rest_route=%2Fwp%2Fv2%2Fmedia&parent=86"}],"curies":[{"name":"wp","href":"https:\/\/api.w.org\/{rel}","templated":true}]}}