{"id":464,"date":"2026-04-13T20:31:46","date_gmt":"2026-04-13T20:31:46","guid":{"rendered":"https:\/\/dobigeneral.hu\/?page_id=464"},"modified":"2026-04-14T20:14:56","modified_gmt":"2026-04-14T20:14:56","slug":"arlista","status":"publish","type":"page","link":"https:\/\/dobigeneral.hu\/?page_id=464","title":{"rendered":"\u00c1rlista"},"content":{"rendered":"\t\t<div data-elementor-type=\"wp-page\" data-elementor-id=\"464\" class=\"elementor elementor-464\">\n\t\t\t\t<div class=\"elementor-element elementor-element-4e5d48a e-flex e-con-boxed e-con e-parent\" data-id=\"4e5d48a\" data-element_type=\"container\" data-e-type=\"container\">\n\t\t\t\t\t<div class=\"e-con-inner\">\n\t\t\t\t<div class=\"elementor-element elementor-element-88da6a0 elementor-widget elementor-widget-text-editor\" data-id=\"88da6a0\" data-element_type=\"widget\" data-e-type=\"widget\" data-widget_type=\"text-editor.default\">\n\t\t\t\t\t\t\t\t\t<p><span style=\"color: #000000;\">Az \u00e1rlista 2026 janu\u00e1r 01-\u00e9n k\u00e9sz\u00fclt. Pontos d\u00edjszab\u00e1shoz k\u00e9rjen \u00e1raj\u00e1nlatot!<\/span><\/p><p><span style=\"color: #000000;\">Fest\u00e9s<\/span><br \/><span style=\"color: #000000;\">Ablak k\u00e1va: 1 000 Ft\/foly\u00f3m\u00e9ter<\/span><br \/><span style=\"color: #000000;\">feh\u00e9r tisztas\u00e1gi fest\u00e9s kisebb jav\u00edt\u00e1sokkal : 1200Ft\/m2<\/span><br \/><span style=\"color: #000000;\">Feh\u00e9r fal fest\u00e9s 2 r\u00e9tegben: 1 500Ft\/m2<\/span><br \/><span style=\"color: #000000;\">Sz\u00ednfest\u00e9s: 1900Ft\/m2<\/span><br \/><span style=\"color: #000000;\">Pen\u00e9szg\u00e1tl\u00f3s fest\u00e9s 2 r\u00e9tegben: 2300 Ft\/m2<\/span><br \/><span style=\"color: #000000;\">Glettel\u00e9s: 1400-2400 Ft\/m2<\/span><br \/><span style=\"color: #000000;\">Gipszkarton glettel\u00e9se: 1400- 3400Ft\/m2<\/span><br \/><span style=\"color: #000000;\">\u00c9lv\u00e9d\u0151 felhelyez\u00e9se: 1400-1500Ft\/fm<\/span><br \/><span style=\"color: #000000;\">R\u00e9gi fest\u00e9k elt\u00e1vol\u00edt\u00e1sa gipszkartonig vagy vakolatig: 2000Ft\/m2<\/span><br \/><span style=\"color: #000000;\">Impregn\u00e1l\u00e1s \/m\u00e9ly alapoz\u00e1s: 800Ft\/m2<\/span><br \/><span style=\"color: #000000;\">Csiszol\u00e1s: 650Ft\/m2<\/span><br \/><span style=\"color: #000000;\">Egyszer\u0171 homlokzat fest\u00e9s sz\u00ednez\u00e9s: 1900Ft\/m2<\/span><br \/><span style=\"color: #000000;\">Homlokzat fest\u00e9s komplett el\u0151k\u00e9sz\u00edt\u00e9ssel : 4800Ft\/m2<\/span><br \/><span style=\"color: #000000;\">Homlokzat mos\u00e1s tiszt\u00edt\u00e1sa: 850Ft\/m2<\/span><br \/><span style=\"color: #000000;\">Nemes vakolat sz\u00ednez\u00e9s: 3000Ft\/m2<\/span><\/p><p><span style=\"color: #000000;\">M\u00e1zol\u00e1s:<\/span><br \/><span style=\"color: #000000;\">\u00dajfa ny\u00edl\u00e1sz\u00e1r\u00f3k m\u00e1zol\u00e1sa nagyobb hib\u00e1k jav\u00edt\u00e1sa: 9500Ft\/m2 &#8211; 8600Ft\/fm<\/span><br \/><span style=\"color: #000000;\">R\u00e9gi fa ny\u00edl\u00e1sz\u00e1r\u00f3k m\u00e1zol\u00e1sa nagyobb hib\u00e1k jav\u00edt\u00e1sa: 10500Ft\/m2<\/span><br \/><span style=\"color: #000000;\">F\u00e9m fel\u00fclet m\u00e1zol\u00e1sa : 8850Ft\/m2<\/span><br \/><span style=\"color: #000000;\">Ker\u00edt\u00e9s m\u00e1zol\u00e1sa f\u00e9m\/fa korl\u00e1t: 3500-5000Ft\/m2<\/span><br \/><span style=\"color: #000000;\">R\u00e9gi kezelt cs\u0151 m\u00e1zol\u00e1sa: 1200Ft\/fm<\/span><\/p><p><span style=\"color: #000000;\">Laz\u00faroz\u00e1s:<\/span><br \/><span style=\"color: #000000;\">Fa fel\u00fclet laz\u00faroz\u00e1sa 2 r\u00e9tegben v\u00e9kony laz\u00farral csiszol\u00e1ssal : 7511Ft\/m2<\/span><br \/><span style=\"color: #000000;\">Fa fel\u00fclet 2 r\u00e9teg vastag laz\u00faroz\u00e1sa \u00e9s csiszol\u00e1sa: 8500Ft\/m2<\/span><br \/><span style=\"color: #000000;\">Fa fel\u00fclet lakkoz\u00e1sa : 3200Ft\/m2<\/span><br \/><span style=\"color: #000000;\">\u00d3rad\u00edjas munk\u00e1k : 4800Ft\/m2<\/span><br \/><span style=\"color: #000000;\">Sittel\u00e9s \/3000Ft\/zs\u00e1k<\/span><br \/><span style=\"color: #000000;\">Takar\u00edt\u00e1s: 750Ft\/m2<\/span><\/p><p><span style=\"color: #000000;\">Gipszkartonoz\u00e1s:<\/span><br \/><span style=\"color: #000000;\">V\u00e1laszfal 2&#215;2 r\u00e9teg k\u00f6z\u00f6s szigetel\u00e9ssel: 11 000 Ft\/m2<\/span><br \/><span style=\"color: #000000;\">El\u0151t\u00e9t fal plusz szigetel\u00e9s: 6500-8500Ft\/m2<\/span><br \/><span style=\"color: #000000;\">\u00c1lmennyezet 2 r\u00e9teg szigetel\u00e9ssel \u00e9s f\u00f3li\u00e1val: 9500Ft\/m2<\/span><br \/><span style=\"color: #000000;\">\u00c1lmennyezet: 7000-9000Ft\/m2<\/span><br \/><span style=\"color: #000000;\">V\u00e1laszfalban ajt\u00f3k kialak\u00edt\u00e1sa, be\u00e9p\u00edt\u00e9se: 30 000 Ft\/db<\/span><br \/><span style=\"color: #000000;\">Gipszel\u00e9s \u00e9s band\u00e1zsol\u00e1s : 1000Ft\/fm<\/span><br \/><span style=\"color: #000000;\">\u00c9lv\u00e9d\u0151z\u00e9s : 950Ft\/fm<\/span><\/p><p><span style=\"color: #000000;\">K\u0151m\u0171ves munk\u00e1k:<\/span><br \/><span style=\"color: #000000;\">Burkol\u00e1s:<\/span><br \/><span style=\"color: #000000;\">Falaz\u00e1s t\u00e9gl\u00e1val: 8200-8900Ft\/m2<\/span><br \/><span style=\"color: #000000;\">J\u00e1r\u00f3lap burkol\u00e1sa \u00e9s fug\u00e1z\u00e1sa max. 40\/40 es lapok: 11.500Ft\/m2<\/span><br \/><span style=\"color: #000000;\">Oldalfal burkol\u00e1sa csemp\u00e9vel \u00e9s fug\u00e1z\u00e1sa: 11 000Ft\/m2\u00a0 \u00a0 \u00a0 \u00a0 \u00a0 \u00a0 \u00a0 \u00a0 \u00a0 \u00a0 \u00a0 \u00a0 \u00a0 \u00a0 \u00a0 \u00a0 \u00a0 \u00a0\u00a0<\/span><br \/><span style=\"color: #000000;\">L\u00e9pcs\u0151 burkol\u00e1sa: 22.500Ft\/m2<\/span><br \/><span style=\"color: #000000;\">V\u00e1lasz fal 10 es t\u00e9gl\u00e1val: 11 500Ft\/m2<\/span><br \/><span style=\"color: #000000;\">Kist\u00e9gla falaz\u00e1s: 29500Ft\/m2<\/span><br \/><span style=\"color: #000000;\">Vakol\u00e1s:4500Ft\/m2-t\u00f3l<\/span><\/p><p><span style=\"color: #000000;\">Alapoz\u00e1s, betonoz\u00e1s, vasal\u00e1s:<\/span><br \/><span style=\"color: #000000;\">\u00c9p\u00fclet kit\u0171z\u00e9se : 12000Ft\/m2<\/span><br \/><span style=\"color: #000000;\">F\u00f6ld kitermel\u00e9se, depon\u00e1l\u00e1s: 22500Ft\/m2<\/span><br \/><span style=\"color: #000000;\">S\u00e1valap vasal\u00e1s: 31000Ft\/m2<\/span><br \/><span style=\"color: #000000;\">S\u00e1valap betonoz\u00e1sa mixer betonnal: 7000-8500Ft\/m2<\/span><br \/><span style=\"color: #000000;\">F\u00f6ld felt\u00f6lt\u00e9se t\u00f6m\u00f6r\u00edt\u00e9se el\u0151k\u00e9sz\u00edtett fel\u00fcleten: 8500Ft\/m2<\/span><br \/><span style=\"color: #000000;\">T\u00f6m\u00f6r\u00edt\u00e9s kavics\u00e1gy k\u00e9sz\u00edt\u00e9se 10cm vastagon 9000ft\/m2<\/span><br \/><span style=\"color: #000000;\">Betonoz\u00e1s mixer betonnal j\u00e1rda \u00e9s kocsi be\u00e1ll\u00f3: 25.000Ft\/m2<\/span><br \/><span style=\"color: #000000;\">Betonoz\u00e1s k\u00e9zi kever\u00e9ssel: 43.000Ft\/m2<\/span><br \/><span style=\"color: #000000;\">Zsaluz\u00e1s: 35.000Ft\/m2<\/span><\/p><p><span style=\"color: #000000;\">K\u00fcls\u0151 homlokzatszigetel\u00e9s: 7000Ft\/m2<\/span><br \/><span style=\"color: #000000;\">EPS szigetel\u00e9sfelrak\u00e1sa: 13000Ft\/m2<\/span><br \/><span style=\"color: #000000;\">K\u0151zet gyapot szigetel\u00e9s: 20 000Ft\/m2<\/span><\/p>\t\t\t\t\t\t\t\t<\/div>\n\t\t\t\t\t<\/div>\n\t\t\t\t<\/div>\n\t\t\t\t<\/div>\n\t\t","protected":false},"excerpt":{"rendered":"<p>Az \u00e1rlista 2026 janu\u00e1r 01-\u00e9n k\u00e9sz\u00fclt. Pontos d\u00edjszab\u00e1shoz k\u00e9rjen \u00e1raj\u00e1nlatot! Fest\u00e9sAblak k\u00e1va: 1 000 Ft\/foly\u00f3m\u00e9terfeh\u00e9r tisztas\u00e1gi fest\u00e9s kisebb jav\u00edt\u00e1sokkal : 1200Ft\/m2Feh\u00e9r fal fest\u00e9s 2 r\u00e9tegben: 1 500Ft\/m2Sz\u00ednfest\u00e9s: 1900Ft\/m2Pen\u00e9szg\u00e1tl\u00f3s fest\u00e9s 2 r\u00e9tegben: 2300 Ft\/m2Glettel\u00e9s: 1400-2400 Ft\/m2Gipszkarton glettel\u00e9se: 1400- 3400Ft\/m2\u00c9lv\u00e9d\u0151 felhelyez\u00e9se: 1400-1500Ft\/fmR\u00e9gi fest\u00e9k elt\u00e1vol\u00edt\u00e1sa gipszkartonig vagy vakolatig: 2000Ft\/m2Impregn\u00e1l\u00e1s \/m\u00e9ly alapoz\u00e1s: 800Ft\/m2Csiszol\u00e1s: 650Ft\/m2Egyszer\u0171 homlokzat fest\u00e9s sz\u00ednez\u00e9s: 1900Ft\/m2Homlokzat fest\u00e9s [&hellip;]<\/p>\n","protected":false},"author":1,"featured_media":0,"parent":0,"menu_order":0,"comment_status":"closed","ping_status":"closed","template":"","meta":{"_kadence_starter_templates_imported_post":false,"footnotes":""},"class_list":["post-464","page","type-page","status-publish","hentry"],"_links":{"self":[{"href":"https:\/\/dobigeneral.hu\/index.php?rest_route=\/wp\/v2\/pages\/464","targetHints":{"allow":["GET"]}}],"collection":[{"href":"https:\/\/dobigeneral.hu\/index.php?rest_route=\/wp\/v2\/pages"}],"about":[{"href":"https:\/\/dobigeneral.hu\/index.php?rest_route=\/wp\/v2\/types\/page"}],"author":[{"embeddable":true,"href":"https:\/\/dobigeneral.hu\/index.php?rest_route=\/wp\/v2\/users\/1"}],"replies":[{"embeddable":true,"href":"https:\/\/dobigeneral.hu\/index.php?rest_route=%2Fwp%2Fv2%2Fcomments&post=464"}],"version-history":[{"count":27,"href":"https:\/\/dobigeneral.hu\/index.php?rest_route=\/wp\/v2\/pages\/464\/revisions"}],"predecessor-version":[{"id":605,"href":"https:\/\/dobigeneral.hu\/index.php?rest_route=\/wp\/v2\/pages\/464\/revisions\/605"}],"wp:attachment":[{"href":"https:\/\/dobigeneral.hu\/index.php?rest_route=%2Fwp%2Fv2%2Fmedia&parent=464"}],"curies":[{"name":"wp","href":"https:\/\/api.w.org\/{rel}","templated":true}]}}