{"id":245,"date":"2026-04-11T19:47:13","date_gmt":"2026-04-11T19:47:13","guid":{"rendered":"https:\/\/dobigeneral.hu\/?page_id=245"},"modified":"2026-04-13T21:20:07","modified_gmt":"2026-04-13T21:20:07","slug":"dobigeneral","status":"publish","type":"page","link":"https:\/\/dobigeneral.hu\/?page_id=245","title":{"rendered":"Referenci\u00e1k"},"content":{"rendered":"\t\t<div data-elementor-type=\"wp-page\" data-elementor-id=\"245\" class=\"elementor elementor-245\">\n\t\t\t\t<div class=\"elementor-element elementor-element-7daf30c e-grid e-con-boxed e-con e-parent\" data-id=\"7daf30c\" data-element_type=\"container\" data-e-type=\"container\">\n\t\t\t\t\t<div class=\"e-con-inner\">\n\t\t\t\t<div class=\"elementor-element elementor-element-bc41663 elementor-widget elementor-widget-image\" data-id=\"bc41663\" data-element_type=\"widget\" data-e-type=\"widget\" data-widget_type=\"image.default\">\n\t\t\t\t\t\t\t\t\t\t\t\t<figure class=\"wp-caption\">\n\t\t\t\t\t\t\t\t\t\t\t<a href=\"https:\/\/dobigeneral.hu\/?page_id=94\">\n\t\t\t\t\t\t\t<img decoding=\"async\" src=\"https:\/\/dobigeneral.hu\/wp-content\/uploads\/elementor\/thumbs\/Burkolas-13-rl18479qc1dinijtwls157kvfjo1soyuwpdmw684c0.jpg\" title=\"Burkol\u00e1s (13)\" alt=\"Burkol\u00e1s\" loading=\"lazy\" \/>\t\t\t\t\t\t\t\t<\/a>\n\t\t\t\t\t\t\t\t\t\t\t<figcaption class=\"widget-image-caption wp-caption-text\">Burkol\u00e1s<\/figcaption>\n\t\t\t\t\t\t\t\t\t\t<\/figure>\n\t\t\t\t\t\t\t\t\t<\/div>\n\t\t\t\t<div class=\"elementor-element elementor-element-1e4ac6a elementor-widget elementor-widget-image\" data-id=\"1e4ac6a\" data-element_type=\"widget\" data-e-type=\"widget\" data-widget_type=\"image.default\">\n\t\t\t\t\t\t\t\t\t\t\t\t<figure class=\"wp-caption\">\n\t\t\t\t\t\t\t\t\t\t\t<a href=\"https:\/\/dobigeneral.hu\/?page_id=98\">\n\t\t\t\t\t\t\t<img decoding=\"async\" src=\"https:\/\/dobigeneral.hu\/wp-content\/uploads\/elementor\/thumbs\/2154d396-41ab-400a-bb4d-f027c307c74b-rl36o2y1fya2bh8eshcoma3sxcx8tk45fxyagobj74.jpg\" title=\"2154d396-41ab-400a-bb4d-f027c307c74b\" alt=\"Homlokzati h\u0151szigetel\u00e9s\" loading=\"lazy\" \/>\t\t\t\t\t\t\t\t<\/a>\n\t\t\t\t\t\t\t\t\t\t\t<figcaption class=\"widget-image-caption wp-caption-text\">Homlokzati h\u0151szigetel\u00e9s<\/figcaption>\n\t\t\t\t\t\t\t\t\t\t<\/figure>\n\t\t\t\t\t\t\t\t\t<\/div>\n\t\t\t\t<div class=\"elementor-element elementor-element-a7363d2 elementor-widget elementor-widget-image\" data-id=\"a7363d2\" data-element_type=\"widget\" data-e-type=\"widget\" data-widget_type=\"image.default\">\n\t\t\t\t\t\t\t\t\t\t\t\t<figure class=\"wp-caption\">\n\t\t\t\t\t\t\t\t\t\t\t<a href=\"https:\/\/dobigeneral.hu\/?page_id=106\">\n\t\t\t\t\t\t\t<img decoding=\"async\" src=\"https:\/\/dobigeneral.hu\/wp-content\/uploads\/elementor\/thumbs\/c0876a01-e73c-437f-9679-0efbade3b79c-rl36vwxme9032hut1v8reay34ybcyr7mipnyfopfcg.jpg\" title=\"c0876a01-e73c-437f-9679-0efbade3b79c\" alt=\"Parkett\u00e1z\u00e1s\" loading=\"lazy\" \/>\t\t\t\t\t\t\t\t<\/a>\n\t\t\t\t\t\t\t\t\t\t\t<figcaption class=\"widget-image-caption wp-caption-text\">Parkett\u00e1z\u00e1s<\/figcaption>\n\t\t\t\t\t\t\t\t\t\t<\/figure>\n\t\t\t\t\t\t\t\t\t<\/div>\n\t\t\t\t<div class=\"elementor-element elementor-element-87bf871 elementor-widget elementor-widget-image\" data-id=\"87bf871\" data-element_type=\"widget\" data-e-type=\"widget\" data-widget_type=\"image.default\">\n\t\t\t\t\t\t\t\t\t\t\t\t<figure class=\"wp-caption\">\n\t\t\t\t\t\t\t\t\t\t\t<a href=\"https:\/\/dobigeneral.hu\/?page_id=96\">\n\t\t\t\t\t\t\t<img decoding=\"async\" src=\"https:\/\/dobigeneral.hu\/wp-content\/uploads\/elementor\/thumbs\/Gipszkartonozas-28-rl18parbq6978fwmpq2l3vxbevomk4pz54hynqy0og.jpg\" title=\"Gipszkartonoz\u00e1s (28)\" alt=\"Gipszkartonoz\u00e1s\" loading=\"lazy\" \/>\t\t\t\t\t\t\t\t<\/a>\n\t\t\t\t\t\t\t\t\t\t\t<figcaption class=\"widget-image-caption wp-caption-text\">Gipszkartonoz\u00e1s<\/figcaption>\n\t\t\t\t\t\t\t\t\t\t<\/figure>\n\t\t\t\t\t\t\t\t\t<\/div>\n\t\t\t\t<div class=\"elementor-element elementor-element-d8373b5 elementor-widget elementor-widget-image\" data-id=\"d8373b5\" data-element_type=\"widget\" data-e-type=\"widget\" data-widget_type=\"image.default\">\n\t\t\t\t\t\t\t\t\t\t\t\t<figure class=\"wp-caption\">\n\t\t\t\t\t\t\t\t\t\t\t<a href=\"https:\/\/dobigeneral.hu\/?page_id=102\">\n\t\t\t\t\t\t\t<img decoding=\"async\" src=\"https:\/\/dobigeneral.hu\/wp-content\/uploads\/elementor\/thumbs\/97725aba-502d-4f2f-9a12-5bf73e59228d-rl36tl9zhztkd78bmd2yqe229nroxozij7lqq25gq8.jpg\" title=\"97725aba-502d-4f2f-9a12-5bf73e59228d\" alt=\"M\u00e1zol\u00e1s\" loading=\"lazy\" \/>\t\t\t\t\t\t\t\t<\/a>\n\t\t\t\t\t\t\t\t\t\t\t<figcaption class=\"widget-image-caption wp-caption-text\">M\u00e1zol\u00e1s<\/figcaption>\n\t\t\t\t\t\t\t\t\t\t<\/figure>\n\t\t\t\t\t\t\t\t\t<\/div>\n\t\t\t\t<div class=\"elementor-element elementor-element-b26bdfb elementor-widget elementor-widget-image\" data-id=\"b26bdfb\" data-element_type=\"widget\" data-e-type=\"widget\" data-widget_type=\"image.default\">\n\t\t\t\t\t\t\t\t\t\t\t\t<figure class=\"wp-caption\">\n\t\t\t\t\t\t\t\t\t\t\t<a href=\"https:\/\/dobigeneral.hu\/?page_id=91\">\n\t\t\t\t\t\t\t<img decoding=\"async\" src=\"https:\/\/dobigeneral.hu\/wp-content\/uploads\/elementor\/thumbs\/festes-gipszeles-17-rky4mqzz399fyqban9no9hokargmpyubfymtqf0e0g.jpg\" title=\"fest\u00e9s gipszel\u00e9s (17)\" alt=\"Fest\u00e9s, gipszel\u00e9s\" loading=\"lazy\" \/>\t\t\t\t\t\t\t\t<\/a>\n\t\t\t\t\t\t\t\t\t\t\t<figcaption class=\"widget-image-caption wp-caption-text\">Fest\u00e9s, gipszel\u00e9s<\/figcaption>\n\t\t\t\t\t\t\t\t\t\t<\/figure>\n\t\t\t\t\t\t\t\t\t<\/div>\n\t\t\t\t<div class=\"elementor-element elementor-element-dd28804 elementor-widget elementor-widget-image\" data-id=\"dd28804\" data-element_type=\"widget\" data-e-type=\"widget\" data-widget_type=\"image.default\">\n\t\t\t\t\t\t\t\t\t\t\t\t<figure class=\"wp-caption\">\n\t\t\t\t\t\t\t\t\t\t\t<a href=\"https:\/\/dobigeneral.hu\/?page_id=104\">\n\t\t\t\t\t\t\t<img decoding=\"async\" src=\"https:\/\/dobigeneral.hu\/wp-content\/uploads\/elementor\/thumbs\/ablak-jav-1-rl17px40hnto8taoaxj3rbbqhs29u99om0j1dtegvk.jpg\" title=\"ablak jav (1)\" alt=\"Ablakk\u00e1va jav\u00edt\u00e1s\" loading=\"lazy\" \/>\t\t\t\t\t\t\t\t<\/a>\n\t\t\t\t\t\t\t\t\t\t\t<figcaption class=\"widget-image-caption wp-caption-text\">Ablakk\u00e1va jav\u00edt\u00e1s<\/figcaption>\n\t\t\t\t\t\t\t\t\t\t<\/figure>\n\t\t\t\t\t\t\t\t\t<\/div>\n\t\t\t\t<div class=\"elementor-element elementor-element-bd2de6c elementor-widget elementor-widget-image\" data-id=\"bd2de6c\" data-element_type=\"widget\" data-e-type=\"widget\" data-widget_type=\"image.default\">\n\t\t\t\t\t\t\t\t\t\t\t\t<figure class=\"wp-caption\">\n\t\t\t\t\t\t\t\t\t\t\t<a href=\"https:\/\/dobigeneral.hu\/?page_id=100\">\n\t\t\t\t\t\t\t<img decoding=\"async\" src=\"https:\/\/dobigeneral.hu\/wp-content\/uploads\/elementor\/thumbs\/e0afdbb4-686a-4495-8217-649d3532d4f5-rl36rj0qi2zww086nyzfresnc7xp1lspx02dt77kds.jpg\" title=\"e0afdbb4-686a-4495-8217-649d3532d4f5\" alt=\"H\u0151szigetel\u00e9s\" loading=\"lazy\" \/>\t\t\t\t\t\t\t\t<\/a>\n\t\t\t\t\t\t\t\t\t\t\t<figcaption class=\"widget-image-caption wp-caption-text\">H\u0151szigetel\u00e9s<\/figcaption>\n\t\t\t\t\t\t\t\t\t\t<\/figure>\n\t\t\t\t\t\t\t\t\t<\/div>\n\t\t\t\t<div class=\"elementor-element elementor-element-ce90c71 elementor-widget elementor-widget-image\" data-id=\"ce90c71\" data-element_type=\"widget\" data-e-type=\"widget\" data-widget_type=\"image.default\">\n\t\t\t\t\t\t\t\t\t\t\t\t<figure class=\"wp-caption\">\n\t\t\t\t\t\t\t\t\t\t\t<a href=\"https:\/\/dobigeneral.hu\/?page_id=93\">\n\t\t\t\t\t\t\t<img decoding=\"async\" src=\"https:\/\/dobigeneral.hu\/wp-content\/uploads\/elementor\/thumbs\/Acsmunkak-2-rl17ubyqknv4qwvxjc71yp8mvwbaz3sbjus3hkuxo0.jpg\" title=\"\u00c1csmunk\u00e1k (2)\" alt=\"\u00c1csmunk\u00e1k\" loading=\"lazy\" \/>\t\t\t\t\t\t\t\t<\/a>\n\t\t\t\t\t\t\t\t\t\t\t<figcaption class=\"widget-image-caption wp-caption-text\">\u00c1csmunk\u00e1k<\/figcaption>\n\t\t\t\t\t\t\t\t\t\t<\/figure>\n\t\t\t\t\t\t\t\t\t<\/div>\n\t\t\t\t\t<\/div>\n\t\t\t\t<\/div>\n\t\t\t\t<\/div>\n\t\t","protected":false},"excerpt":{"rendered":"<p>Burkol\u00e1s Homlokzati h\u0151szigetel\u00e9s Parkett\u00e1z\u00e1s Gipszkartonoz\u00e1s M\u00e1zol\u00e1s Fest\u00e9s, gipszel\u00e9s Ablakk\u00e1va jav\u00edt\u00e1s H\u0151szigetel\u00e9s \u00c1csmunk\u00e1k<\/p>\n","protected":false},"author":1,"featured_media":0,"parent":0,"menu_order":0,"comment_status":"closed","ping_status":"closed","template":"","meta":{"_kadence_starter_templates_imported_post":false,"footnotes":""},"class_list":["post-245","page","type-page","status-publish","hentry"],"_links":{"self":[{"href":"https:\/\/dobigeneral.hu\/index.php?rest_route=\/wp\/v2\/pages\/245","targetHints":{"allow":["GET"]}}],"collection":[{"href":"https:\/\/dobigeneral.hu\/index.php?rest_route=\/wp\/v2\/pages"}],"about":[{"href":"https:\/\/dobigeneral.hu\/index.php?rest_route=\/wp\/v2\/types\/page"}],"author":[{"embeddable":true,"href":"https:\/\/dobigeneral.hu\/index.php?rest_route=\/wp\/v2\/users\/1"}],"replies":[{"embeddable":true,"href":"https:\/\/dobigeneral.hu\/index.php?rest_route=%2Fwp%2Fv2%2Fcomments&post=245"}],"version-history":[{"count":48,"href":"https:\/\/dobigeneral.hu\/index.php?rest_route=\/wp\/v2\/pages\/245\/revisions"}],"predecessor-version":[{"id":542,"href":"https:\/\/dobigeneral.hu\/index.php?rest_route=\/wp\/v2\/pages\/245\/revisions\/542"}],"wp:attachment":[{"href":"https:\/\/dobigeneral.hu\/index.php?rest_route=%2Fwp%2Fv2%2Fmedia&parent=245"}],"curies":[{"name":"wp","href":"https:\/\/api.w.org\/{rel}","templated":true}]}}