{"id":21,"date":"2026-04-11T19:56:05","date_gmt":"2026-04-11T19:56:05","guid":{"rendered":"https:\/\/dobigeneral.hu\/?page_id=21"},"modified":"2026-04-13T21:31:36","modified_gmt":"2026-04-13T21:31:36","slug":"kapcsolat","status":"publish","type":"page","link":"https:\/\/dobigeneral.hu\/?page_id=21","title":{"rendered":"Kapcsolat"},"content":{"rendered":"\t\t<div data-elementor-type=\"wp-page\" data-elementor-id=\"21\" class=\"elementor elementor-21\">\n\t\t\t\t<div class=\"elementor-element elementor-element-7bde5ca e-flex e-con-boxed e-con e-parent\" data-id=\"7bde5ca\" data-element_type=\"container\" data-e-type=\"container\">\n\t\t\t\t\t<div class=\"e-con-inner\">\n\t\t\t\t<div class=\"elementor-element elementor-element-148c858 elementor-widget elementor-widget-text-editor\" data-id=\"148c858\" data-element_type=\"widget\" data-e-type=\"widget\" data-widget_type=\"text-editor.default\">\n\t\t\t\t\t\t\t\t\t<h3 style=\"text-align: center;\"><strong><span style=\"text-decoration: underline;\">EL\u00c9RHET\u0150S\u00c9G:<\/span><\/strong><\/h3><h4 style=\"text-align: center;\">Dobi Rajmond egy\u00e9ni v\u00e1llalkoz\u00f3<\/h4><h4 style=\"text-align: center;\">Telefonsz\u00e1m: 06 30 568 3552<\/h4><h4 style=\"text-align: center;\">e-mail c\u00edm: <a href=\"https:\/\/mail.google.com\/mail\/u\/0\/#search\/dobi\/FMfcgzQfCMvFPMwJtCVddJLRfwTrJqSL?compose=GTvVlcSDZcwZBDGVlFMSbkGLKtbBhSpTLZKFrJdbBCzTSlskLBwJGBpKjsFXJbJKTxjTmXNmfLWxL\" target=\"_blank\" rel=\"noopener\">dobika1999@gmail.com<\/a><\/h4><h4 style=\"text-align: center;\">El\u00e9rhetnek benn\u00fcnket a facebook k\u00f6z\u00f6ss\u00e9gi oldalunkon, illetve messengeren is!<\/h4>\t\t\t\t\t\t\t\t<\/div>\n\t\t\t\t\t<\/div>\n\t\t\t\t<\/div>\n\t\t\t\t<\/div>\n\t\t","protected":false},"excerpt":{"rendered":"<p>EL\u00c9RHET\u0150S\u00c9G: Dobi Rajmond egy\u00e9ni v\u00e1llalkoz\u00f3 Telefonsz\u00e1m: 06 30 568 3552 e-mail c\u00edm: dobika1999@gmail.com El\u00e9rhetnek benn\u00fcnket a facebook k\u00f6z\u00f6ss\u00e9gi oldalunkon, illetve messengeren is!<\/p>\n","protected":false},"author":1,"featured_media":0,"parent":0,"menu_order":0,"comment_status":"closed","ping_status":"closed","template":"","meta":{"_kadence_starter_templates_imported_post":false,"footnotes":""},"class_list":["post-21","page","type-page","status-publish","hentry"],"_links":{"self":[{"href":"https:\/\/dobigeneral.hu\/index.php?rest_route=\/wp\/v2\/pages\/21","targetHints":{"allow":["GET"]}}],"collection":[{"href":"https:\/\/dobigeneral.hu\/index.php?rest_route=\/wp\/v2\/pages"}],"about":[{"href":"https:\/\/dobigeneral.hu\/index.php?rest_route=\/wp\/v2\/types\/page"}],"author":[{"embeddable":true,"href":"https:\/\/dobigeneral.hu\/index.php?rest_route=\/wp\/v2\/users\/1"}],"replies":[{"embeddable":true,"href":"https:\/\/dobigeneral.hu\/index.php?rest_route=%2Fwp%2Fv2%2Fcomments&post=21"}],"version-history":[{"count":21,"href":"https:\/\/dobigeneral.hu\/index.php?rest_route=\/wp\/v2\/pages\/21\/revisions"}],"predecessor-version":[{"id":549,"href":"https:\/\/dobigeneral.hu\/index.php?rest_route=\/wp\/v2\/pages\/21\/revisions\/549"}],"wp:attachment":[{"href":"https:\/\/dobigeneral.hu\/index.php?rest_route=%2Fwp%2Fv2%2Fmedia&parent=21"}],"curies":[{"name":"wp","href":"https:\/\/api.w.org\/{rel}","templated":true}]}}