{"id":20,"date":"2026-04-11T19:45:50","date_gmt":"2026-04-11T19:45:50","guid":{"rendered":"https:\/\/dobigeneral.hu\/?page_id=20"},"modified":"2026-04-13T21:30:26","modified_gmt":"2026-04-13T21:30:26","slug":"cegadatok","status":"publish","type":"page","link":"https:\/\/dobigeneral.hu\/?page_id=20","title":{"rendered":"C\u00e9gadatok"},"content":{"rendered":"\t\t<div data-elementor-type=\"wp-page\" data-elementor-id=\"20\" class=\"elementor elementor-20\">\n\t\t\t\t<div class=\"elementor-element elementor-element-05f61c1 e-flex e-con-boxed e-con e-parent\" data-id=\"05f61c1\" data-element_type=\"container\" data-e-type=\"container\">\n\t\t\t\t\t<div class=\"e-con-inner\">\n\t\t\t\t<div class=\"elementor-element elementor-element-e95b17b elementor-widget elementor-widget-text-editor\" data-id=\"e95b17b\" data-element_type=\"widget\" data-e-type=\"widget\" data-widget_type=\"text-editor.default\">\n\t\t\t\t\t\t\t\t\t<h3 style=\"text-align: center;\">Dobi Rajmond &#8211; egy\u00e9ni v\u00e1llalkoz\u00f3<\/h3><h4 style=\"text-align: center;\">Ad\u00f3sz\u00e1m: 90243480-2-43<\/h4><h4 style=\"text-align: center;\">C\u00e9gjegyz\u00e9ksz\u00e1m: 59399027<\/h4><div>\u00a0<\/div><p>\u00a0<\/p>\t\t\t\t\t\t\t\t<\/div>\n\t\t\t\t\t<\/div>\n\t\t\t\t<\/div>\n\t\t\t\t<\/div>\n\t\t","protected":false},"excerpt":{"rendered":"<p>Dobi Rajmond &#8211; egy\u00e9ni v\u00e1llalkoz\u00f3 Ad\u00f3sz\u00e1m: 90243480-2-43 C\u00e9gjegyz\u00e9ksz\u00e1m: 59399027 \u00a0 \u00a0<\/p>\n","protected":false},"author":1,"featured_media":0,"parent":0,"menu_order":0,"comment_status":"closed","ping_status":"closed","template":"","meta":{"_kadence_starter_templates_imported_post":false,"footnotes":""},"class_list":["post-20","page","type-page","status-publish","hentry"],"_links":{"self":[{"href":"https:\/\/dobigeneral.hu\/index.php?rest_route=\/wp\/v2\/pages\/20","targetHints":{"allow":["GET"]}}],"collection":[{"href":"https:\/\/dobigeneral.hu\/index.php?rest_route=\/wp\/v2\/pages"}],"about":[{"href":"https:\/\/dobigeneral.hu\/index.php?rest_route=\/wp\/v2\/types\/page"}],"author":[{"embeddable":true,"href":"https:\/\/dobigeneral.hu\/index.php?rest_route=\/wp\/v2\/users\/1"}],"replies":[{"embeddable":true,"href":"https:\/\/dobigeneral.hu\/index.php?rest_route=%2Fwp%2Fv2%2Fcomments&post=20"}],"version-history":[{"count":21,"href":"https:\/\/dobigeneral.hu\/index.php?rest_route=\/wp\/v2\/pages\/20\/revisions"}],"predecessor-version":[{"id":546,"href":"https:\/\/dobigeneral.hu\/index.php?rest_route=\/wp\/v2\/pages\/20\/revisions\/546"}],"wp:attachment":[{"href":"https:\/\/dobigeneral.hu\/index.php?rest_route=%2Fwp%2Fv2%2Fmedia&parent=20"}],"curies":[{"name":"wp","href":"https:\/\/api.w.org\/{rel}","templated":true}]}}