{"id":104,"date":"2026-04-11T18:57:19","date_gmt":"2026-04-11T18:57:19","guid":{"rendered":"https:\/\/dobigeneral.hu\/?page_id=104"},"modified":"2026-04-13T21:41:24","modified_gmt":"2026-04-13T21:41:24","slug":"ablakkava-javitas","status":"publish","type":"page","link":"https:\/\/dobigeneral.hu\/?page_id=104","title":{"rendered":"Ablakk\u00e1va jav\u00edt\u00e1s"},"content":{"rendered":"\t\t<div data-elementor-type=\"wp-page\" data-elementor-id=\"104\" class=\"elementor elementor-104\">\n\t\t\t\t<div class=\"elementor-element elementor-element-ab87e5c e-flex e-con-boxed e-con e-parent\" data-id=\"ab87e5c\" data-element_type=\"container\" data-e-type=\"container\">\n\t\t\t\t\t<div class=\"e-con-inner\">\n\t\t\t\t<div class=\"elementor-element elementor-element-e42e96e gallery-spacing-custom elementor-widget elementor-widget-image-gallery\" data-id=\"e42e96e\" data-element_type=\"widget\" data-e-type=\"widget\" data-widget_type=\"image-gallery.default\">\n\t\t\t\t\t\t\t<div class=\"elementor-image-gallery\">\n\t\t\t<div id='gallery-1' class='gallery galleryid-104 gallery-columns-4 gallery-size-thumbnail'><figure class='gallery-item'>\n\t\t\t<div class='gallery-icon portrait'>\n\t\t\t\t<a data-elementor-open-lightbox=\"yes\" data-elementor-lightbox-slideshow=\"e42e96e\" data-elementor-lightbox-title=\"ablak jav (5)\" data-e-action-hash=\"#elementor-action%3Aaction%3Dlightbox%26settings%3DeyJpZCI6MTEyLCJ1cmwiOiJodHRwczpcL1wvZG9iaWdlbmVyYWwuaHVcL3dwLWNvbnRlbnRcL3VwbG9hZHNcLzIwMjZcLzAzXC9hYmxhay1qYXYtNS5qcGciLCJzbGlkZXNob3ciOiJlNDJlOTZlIn0%3D\" href='https:\/\/dobigeneral.hu\/wp-content\/uploads\/2026\/03\/ablak-jav-5.jpg'><img decoding=\"async\" width=\"150\" height=\"150\" src=\"https:\/\/dobigeneral.hu\/wp-content\/uploads\/2026\/03\/ablak-jav-5-150x150.jpg\" class=\"attachment-thumbnail size-thumbnail\" alt=\"\" \/><\/a>\n\t\t\t<\/div><\/figure><figure class='gallery-item'>\n\t\t\t<div class='gallery-icon portrait'>\n\t\t\t\t<a data-elementor-open-lightbox=\"yes\" data-elementor-lightbox-slideshow=\"e42e96e\" data-elementor-lightbox-title=\"ablak jav (3)\" data-e-action-hash=\"#elementor-action%3Aaction%3Dlightbox%26settings%3DeyJpZCI6MTEwLCJ1cmwiOiJodHRwczpcL1wvZG9iaWdlbmVyYWwuaHVcL3dwLWNvbnRlbnRcL3VwbG9hZHNcLzIwMjZcLzAzXC9hYmxhay1qYXYtMy5qcGciLCJzbGlkZXNob3ciOiJlNDJlOTZlIn0%3D\" href='https:\/\/dobigeneral.hu\/wp-content\/uploads\/2026\/03\/ablak-jav-3.jpg'><img decoding=\"async\" width=\"150\" height=\"150\" src=\"https:\/\/dobigeneral.hu\/wp-content\/uploads\/2026\/03\/ablak-jav-3-150x150.jpg\" class=\"attachment-thumbnail size-thumbnail\" alt=\"\" \/><\/a>\n\t\t\t<\/div><\/figure><figure class='gallery-item'>\n\t\t\t<div class='gallery-icon portrait'>\n\t\t\t\t<a data-elementor-open-lightbox=\"yes\" data-elementor-lightbox-slideshow=\"e42e96e\" data-elementor-lightbox-title=\"ablak jav (2)\" data-e-action-hash=\"#elementor-action%3Aaction%3Dlightbox%26settings%3DeyJpZCI6MTA5LCJ1cmwiOiJodHRwczpcL1wvZG9iaWdlbmVyYWwuaHVcL3dwLWNvbnRlbnRcL3VwbG9hZHNcLzIwMjZcLzAzXC9hYmxhay1qYXYtMi5qcGciLCJzbGlkZXNob3ciOiJlNDJlOTZlIn0%3D\" href='https:\/\/dobigeneral.hu\/wp-content\/uploads\/2026\/03\/ablak-jav-2.jpg'><img decoding=\"async\" width=\"150\" height=\"150\" src=\"https:\/\/dobigeneral.hu\/wp-content\/uploads\/2026\/03\/ablak-jav-2-150x150.jpg\" class=\"attachment-thumbnail size-thumbnail\" alt=\"\" \/><\/a>\n\t\t\t<\/div><\/figure><figure class='gallery-item'>\n\t\t\t<div class='gallery-icon landscape'>\n\t\t\t\t<a data-elementor-open-lightbox=\"yes\" data-elementor-lightbox-slideshow=\"e42e96e\" data-elementor-lightbox-title=\"ablak jav (6)\" data-e-action-hash=\"#elementor-action%3Aaction%3Dlightbox%26settings%3DeyJpZCI6MTU5LCJ1cmwiOiJodHRwczpcL1wvZG9iaWdlbmVyYWwuaHVcL3dwLWNvbnRlbnRcL3VwbG9hZHNcLzIwMjZcLzAzXC9hYmxhay1qYXYtNi5qcGciLCJzbGlkZXNob3ciOiJlNDJlOTZlIn0%3D\" href='https:\/\/dobigeneral.hu\/wp-content\/uploads\/2026\/03\/ablak-jav-6.jpg'><img loading=\"lazy\" decoding=\"async\" width=\"150\" height=\"150\" src=\"https:\/\/dobigeneral.hu\/wp-content\/uploads\/2026\/03\/ablak-jav-6-150x150.jpg\" class=\"attachment-thumbnail size-thumbnail\" alt=\"\" \/><\/a>\n\t\t\t<\/div><\/figure><figure class='gallery-item'>\n\t\t\t<div class='gallery-icon portrait'>\n\t\t\t\t<a data-elementor-open-lightbox=\"yes\" data-elementor-lightbox-slideshow=\"e42e96e\" data-elementor-lightbox-title=\"ablak jav (4)\" data-e-action-hash=\"#elementor-action%3Aaction%3Dlightbox%26settings%3DeyJpZCI6MTExLCJ1cmwiOiJodHRwczpcL1wvZG9iaWdlbmVyYWwuaHVcL3dwLWNvbnRlbnRcL3VwbG9hZHNcLzIwMjZcLzAzXC9hYmxhay1qYXYtNC5qcGciLCJzbGlkZXNob3ciOiJlNDJlOTZlIn0%3D\" href='https:\/\/dobigeneral.hu\/wp-content\/uploads\/2026\/03\/ablak-jav-4.jpg'><img loading=\"lazy\" decoding=\"async\" width=\"150\" height=\"150\" src=\"https:\/\/dobigeneral.hu\/wp-content\/uploads\/2026\/03\/ablak-jav-4-150x150.jpg\" class=\"attachment-thumbnail size-thumbnail\" alt=\"\" \/><\/a>\n\t\t\t<\/div><\/figure><figure class='gallery-item'>\n\t\t\t<div class='gallery-icon landscape'>\n\t\t\t\t<a data-elementor-open-lightbox=\"yes\" data-elementor-lightbox-slideshow=\"e42e96e\" data-elementor-lightbox-title=\"ablak jav (1)\" data-e-action-hash=\"#elementor-action%3Aaction%3Dlightbox%26settings%3DeyJpZCI6MTA4LCJ1cmwiOiJodHRwczpcL1wvZG9iaWdlbmVyYWwuaHVcL3dwLWNvbnRlbnRcL3VwbG9hZHNcLzIwMjZcLzAzXC9hYmxhay1qYXYtMS5qcGciLCJzbGlkZXNob3ciOiJlNDJlOTZlIn0%3D\" href='https:\/\/dobigeneral.hu\/wp-content\/uploads\/2026\/03\/ablak-jav-1.jpg'><img loading=\"lazy\" decoding=\"async\" width=\"150\" height=\"150\" src=\"https:\/\/dobigeneral.hu\/wp-content\/uploads\/2026\/03\/ablak-jav-1-150x150.jpg\" class=\"attachment-thumbnail size-thumbnail\" alt=\"\" aria-describedby=\"gallery-1-108\" \/><\/a>\n\t\t\t<\/div>\n\t\t\t\t<figcaption class='wp-caption-text gallery-caption' id='gallery-1-108'>\n\t\t\t\tAblakk\u00e1va jav\u00edt\u00e1s\n\t\t\t\t<\/figcaption><\/figure>\n\t\t<\/div>\n\t\t<\/div>\n\t\t\t\t\t\t<\/div>\n\t\t\t\t\t<\/div>\n\t\t\t\t<\/div>\n\t\t\t\t<\/div>\n\t\t","protected":false},"excerpt":{"rendered":"<p>Ablakk\u00e1va jav\u00edt\u00e1s<\/p>\n","protected":false},"author":1,"featured_media":0,"parent":0,"menu_order":0,"comment_status":"closed","ping_status":"closed","template":"","meta":{"_kadence_starter_templates_imported_post":false,"footnotes":""},"class_list":["post-104","page","type-page","status-publish","hentry"],"_links":{"self":[{"href":"https:\/\/dobigeneral.hu\/index.php?rest_route=\/wp\/v2\/pages\/104","targetHints":{"allow":["GET"]}}],"collection":[{"href":"https:\/\/dobigeneral.hu\/index.php?rest_route=\/wp\/v2\/pages"}],"about":[{"href":"https:\/\/dobigeneral.hu\/index.php?rest_route=\/wp\/v2\/types\/page"}],"author":[{"embeddable":true,"href":"https:\/\/dobigeneral.hu\/index.php?rest_route=\/wp\/v2\/users\/1"}],"replies":[{"embeddable":true,"href":"https:\/\/dobigeneral.hu\/index.php?rest_route=%2Fwp%2Fv2%2Fcomments&post=104"}],"version-history":[{"count":25,"href":"https:\/\/dobigeneral.hu\/index.php?rest_route=\/wp\/v2\/pages\/104\/revisions"}],"predecessor-version":[{"id":556,"href":"https:\/\/dobigeneral.hu\/index.php?rest_route=\/wp\/v2\/pages\/104\/revisions\/556"}],"wp:attachment":[{"href":"https:\/\/dobigeneral.hu\/index.php?rest_route=%2Fwp%2Fv2%2Fmedia&parent=104"}],"curies":[{"name":"wp","href":"https:\/\/api.w.org\/{rel}","templated":true}]}}